{"id":1366,"date":"2024-01-30T16:10:21","date_gmt":"2024-01-30T15:10:22","guid":{"rendered":"https:\/\/biobody.es\/?post_type=product&#038;p=1366"},"modified":"2024-01-30T16:14:22","modified_gmt":"2024-01-30T15:14:22","slug":"salt-massage","status":"publish","type":"product","link":"https:\/\/biobody.es\/ca\/producte\/salt-massage\/","title":{"rendered":"Salt Massage"},"content":{"rendered":"<p>SALT MASSAGE \u00e9s un exclusiu tractament detoxificant i revitalitzant per al cos i ment amb una modalitat de massatge que millora la seva efic\u00e0cia i plaer. Gr\u00e0cies a la composici\u00f3 extraordin\u00e0ria de la sal de l&#8217;Him\u00e0laia, rica en minerals essencials, aconseguim una acci\u00f3 de purificaci\u00f3 i neteja intensa, gr\u00e0cies a l&#8217;\u00fas de la sal en la forma m\u00e9s fina per a l&#8217;embolcall de cos, aix\u00ed com en la seva forma de pedres per al massatge.<br \/>\n\u00c9s ideal per a tothom, per\u00f2 sobretot per a aquelles persones que necessiten detoxificar, perdre pes, reposar energia o pateixen malalties.<\/p>\n<p>Duraci\u00f3 1h i 30&#8242;<\/p>\n","protected":false},"excerpt":{"rendered":"<p>SALT MASSAGE \u00e9s un exclusiu tractament detoxificant i revitalitzant per al cos i ment amb una modalitat de massatge que millora la seva efic\u00e0cia i plaer. Gr\u00e0cies a la composici\u00f3 extraordin\u00e0ria de la sal de l&#8217;Him\u00e0laia, rica en minerals essencials, aconseguim una acci\u00f3 de purificaci\u00f3 i neteja intensa, gr\u00e0cies a l&#8217;\u00fas de la sal en [&hellip;]<\/p>\n","protected":false},"featured_media":1368,"comment_status":"closed","ping_status":"closed","template":"","meta":{"site-sidebar-layout":"default","site-content-layout":"default","ast-site-content-layout":"default","site-content-style":"default","site-sidebar-style":"default","ast-global-header-display":"","ast-banner-title-visibility":"","ast-main-header-display":"","ast-hfb-above-header-display":"","ast-hfb-below-header-display":"","ast-hfb-mobile-header-display":"","site-post-title":"","ast-breadcrumbs-content":"","ast-featured-img":"","footer-sml-layout":"","ast-disable-related-posts":"","theme-transparent-header-meta":"default","adv-header-id-meta":"","stick-header-meta":"","header-above-stick-meta":"","header-main-stick-meta":"","header-below-stick-meta":"","astra-migrate-meta-layouts":"set","ast-page-background-enabled":"default","ast-page-background-meta":{"desktop":{"background-color":"","background-image":"","background-repeat":"repeat","background-position":"center center","background-size":"auto","background-attachment":"scroll","background-type":"","background-media":"","overlay-type":"","overlay-color":"","overlay-opacity":"","overlay-gradient":""},"tablet":{"background-color":"","background-image":"","background-repeat":"repeat","background-position":"center center","background-size":"auto","background-attachment":"scroll","background-type":"","background-media":"","overlay-type":"","overlay-color":"","overlay-opacity":"","overlay-gradient":""},"mobile":{"background-color":"","background-image":"","background-repeat":"repeat","background-position":"center center","background-size":"auto","background-attachment":"scroll","background-type":"","background-media":"","overlay-type":"","overlay-color":"","overlay-opacity":"","overlay-gradient":""}},"ast-content-background-meta":{"desktop":{"background-color":"var(--ast-global-color-5)","background-image":"","background-repeat":"repeat","background-position":"center center","background-size":"auto","background-attachment":"scroll","background-type":"","background-media":"","overlay-type":"","overlay-color":"","overlay-opacity":"","overlay-gradient":""},"tablet":{"background-color":"var(--ast-global-color-5)","background-image":"","background-repeat":"repeat","background-position":"center center","background-size":"auto","background-attachment":"scroll","background-type":"","background-media":"","overlay-type":"","overlay-color":"","overlay-opacity":"","overlay-gradient":""},"mobile":{"background-color":"var(--ast-global-color-5)","background-image":"","background-repeat":"repeat","background-position":"center center","background-size":"auto","background-attachment":"scroll","background-type":"","background-media":"","overlay-type":"","overlay-color":"","overlay-opacity":"","overlay-gradient":""}}},"product_brand":[],"product_cat":[85],"product_tag":[],"class_list":{"0":"post-1366","1":"product","2":"type-product","3":"status-publish","4":"has-post-thumbnail","6":"product_cat-rituals","7":"desktop-align-left","8":"tablet-align-left","9":"mobile-align-left","11":"first","12":"instock","13":"shipping-taxable","14":"purchasable","15":"product-type-simple"},"_links":{"self":[{"href":"https:\/\/biobody.es\/ca\/wp-json\/wp\/v2\/product\/1366","targetHints":{"allow":["GET"]}}],"collection":[{"href":"https:\/\/biobody.es\/ca\/wp-json\/wp\/v2\/product"}],"about":[{"href":"https:\/\/biobody.es\/ca\/wp-json\/wp\/v2\/types\/product"}],"replies":[{"embeddable":true,"href":"https:\/\/biobody.es\/ca\/wp-json\/wp\/v2\/comments?post=1366"}],"wp:featuredmedia":[{"embeddable":true,"href":"https:\/\/biobody.es\/ca\/wp-json\/wp\/v2\/media\/1368"}],"wp:attachment":[{"href":"https:\/\/biobody.es\/ca\/wp-json\/wp\/v2\/media?parent=1366"}],"wp:term":[{"taxonomy":"product_brand","embeddable":true,"href":"https:\/\/biobody.es\/ca\/wp-json\/wp\/v2\/product_brand?post=1366"},{"taxonomy":"product_cat","embeddable":true,"href":"https:\/\/biobody.es\/ca\/wp-json\/wp\/v2\/product_cat?post=1366"},{"taxonomy":"product_tag","embeddable":true,"href":"https:\/\/biobody.es\/ca\/wp-json\/wp\/v2\/product_tag?post=1366"}],"curies":[{"name":"wp","href":"https:\/\/api.w.org\/{rel}","templated":true}]}}