{"id":919,"date":"2020-04-03T13:04:28","date_gmt":"2020-06-09T14:19:47","guid":{"rendered":"https:\/\/biobody.es\/producto\/massatge-geotermal-amb-minerals-preus-i-pedres-calentes\/"},"modified":"2020-06-09T16:19:47","modified_gmt":"2020-06-09T14:19:47","slug":"masaje-geotermal-con-minerales-precios-y-piedras-calientes","status":"publish","type":"product","link":"https:\/\/biobody.es\/ca\/producte\/masaje-geotermal-con-minerales-precios-y-piedras-calientes\/","title":{"rendered":"Massatge geotermal amb minerals preus i pedres calentes"},"content":{"rendered":"<p>Massatge amb pedres calentes i gemmes precioses, restableix els nivells energ\u00e8tics del teu cos transportant-a un estat de profunda relaxaci\u00f3 i benestar. La pell \u00e9s un excepcional canal de transmissi\u00f3 d&#8217;energia, per aix\u00f2 el massatge geotermal combina el massatge, aromater\u00e0pia, pedres volc\u00e0niques i minerals preciosos .Al tractar-se d&#8217;un massatge que treballa amb els chakras (canals energ\u00e8tics), el massatge amb pedres calentes permet restablir els nivells energ\u00e8tics del nostre organisme i anivellar-perqu\u00e8 es distribueixin correctament pel nostre organisme aportant-nos una sensaci\u00f3 de relaxaci\u00f3 i benestar general. combat molts dolors cr\u00f2nics, especialment aquells ossis i musculars com el mal d&#8217;esquena, dolors articulatoris o contractures musculars, provocant un efecte sedant sobre el nostre organisme, reduint els nivells d&#8217;estr\u00e8s i aportant una agradable sensaci\u00f3 de relaxaci\u00f3<\/p>\n","protected":false},"excerpt":{"rendered":"<p>Massatge amb pedres calentes i gemmes precioses, restableix els nivells energ\u00e8tics del teu cos transportant-a un estat de profunda relaxaci\u00f3 i benestar. La pell \u00e9s un excepcional canal de transmissi\u00f3 d&#8217;energia, per aix\u00f2 el massatge geotermal combina el massatge, aromater\u00e0pia, pedres volc\u00e0niques i minerals preciosos .Al tractar-se d&#8217;un massatge que treballa amb els chakras (canals [&hellip;]<\/p>\n","protected":false},"featured_media":682,"comment_status":"closed","ping_status":"closed","template":"","meta":{"site-sidebar-layout":"default","site-content-layout":"default","ast-site-content-layout":"default","site-content-style":"default","site-sidebar-style":"default","ast-global-header-display":"","ast-banner-title-visibility":"","ast-main-header-display":"","ast-hfb-above-header-display":"","ast-hfb-below-header-display":"","ast-hfb-mobile-header-display":"","site-post-title":"","ast-breadcrumbs-content":"","ast-featured-img":"","footer-sml-layout":"","ast-disable-related-posts":"","theme-transparent-header-meta":"default","adv-header-id-meta":"","stick-header-meta":"","header-above-stick-meta":"","header-main-stick-meta":"","header-below-stick-meta":"","astra-migrate-meta-layouts":"default","ast-page-background-enabled":"default","ast-page-background-meta":{"desktop":{"background-color":"","background-image":"","background-repeat":"repeat","background-position":"center center","background-size":"auto","background-attachment":"scroll","background-type":"","background-media":"","overlay-type":"","overlay-color":"","overlay-opacity":"","overlay-gradient":""},"tablet":{"background-color":"","background-image":"","background-repeat":"repeat","background-position":"center center","background-size":"auto","background-attachment":"scroll","background-type":"","background-media":"","overlay-type":"","overlay-color":"","overlay-opacity":"","overlay-gradient":""},"mobile":{"background-color":"","background-image":"","background-repeat":"repeat","background-position":"center center","background-size":"auto","background-attachment":"scroll","background-type":"","background-media":"","overlay-type":"","overlay-color":"","overlay-opacity":"","overlay-gradient":""}},"ast-content-background-meta":{"desktop":{"background-color":"var(--ast-global-color-5)","background-image":"","background-repeat":"repeat","background-position":"center center","background-size":"auto","background-attachment":"scroll","background-type":"","background-media":"","overlay-type":"","overlay-color":"","overlay-opacity":"","overlay-gradient":""},"tablet":{"background-color":"var(--ast-global-color-5)","background-image":"","background-repeat":"repeat","background-position":"center center","background-size":"auto","background-attachment":"scroll","background-type":"","background-media":"","overlay-type":"","overlay-color":"","overlay-opacity":"","overlay-gradient":""},"mobile":{"background-color":"var(--ast-global-color-5)","background-image":"","background-repeat":"repeat","background-position":"center center","background-size":"auto","background-attachment":"scroll","background-type":"","background-media":"","overlay-type":"","overlay-color":"","overlay-opacity":"","overlay-gradient":""}}},"product_brand":[],"product_cat":[85],"product_tag":[],"class_list":{"0":"post-919","1":"product","2":"type-product","3":"status-publish","4":"has-post-thumbnail","6":"product_cat-rituals","7":"desktop-align-left","8":"tablet-align-left","9":"mobile-align-left","11":"first","12":"instock","13":"shipping-taxable","14":"purchasable","15":"product-type-simple"},"_links":{"self":[{"href":"https:\/\/biobody.es\/ca\/wp-json\/wp\/v2\/product\/919","targetHints":{"allow":["GET"]}}],"collection":[{"href":"https:\/\/biobody.es\/ca\/wp-json\/wp\/v2\/product"}],"about":[{"href":"https:\/\/biobody.es\/ca\/wp-json\/wp\/v2\/types\/product"}],"replies":[{"embeddable":true,"href":"https:\/\/biobody.es\/ca\/wp-json\/wp\/v2\/comments?post=919"}],"wp:featuredmedia":[{"embeddable":true,"href":"https:\/\/biobody.es\/ca\/wp-json\/wp\/v2\/media\/682"}],"wp:attachment":[{"href":"https:\/\/biobody.es\/ca\/wp-json\/wp\/v2\/media?parent=919"}],"wp:term":[{"taxonomy":"product_brand","embeddable":true,"href":"https:\/\/biobody.es\/ca\/wp-json\/wp\/v2\/product_brand?post=919"},{"taxonomy":"product_cat","embeddable":true,"href":"https:\/\/biobody.es\/ca\/wp-json\/wp\/v2\/product_cat?post=919"},{"taxonomy":"product_tag","embeddable":true,"href":"https:\/\/biobody.es\/ca\/wp-json\/wp\/v2\/product_tag?post=919"}],"curies":[{"name":"wp","href":"https:\/\/api.w.org\/{rel}","templated":true}]}}