{"id":938,"date":"2020-04-03T13:04:16","date_gmt":"2020-06-09T14:58:12","guid":{"rendered":"https:\/\/biobody.es\/producto\/bioslimming\/"},"modified":"2020-06-09T16:58:13","modified_gmt":"2020-06-09T14:58:13","slug":"bioslimming","status":"publish","type":"product","link":"https:\/\/biobody.es\/ca\/producte\/bioslimming\/","title":{"rendered":"Bioslimming"},"content":{"rendered":"<p>Pack de 6 sessions m\u00e9s producte. .<br \/>\nNou tractament corporal molt efectiu que redueix, reafirma i remodela el nostre cos. Amb els seus algues i olis essencials aconsegueix combatre la cel\u00b7lulitis i el greix. Els seus resultats s\u00f3n visibles des de la primera sessi\u00f3, millorant el to, la textura de la pell i activant la lip\u00f2lisi. A m\u00e9s del tractament en cabina, complementem amb Bioslimming Trio per a casa, un producte carregat d&#8217;ingredients actius naturals que s\u00f3n el motiu pel qual Bioslimming \u00e9s tan efica\u00e7. Amb tan sols 6 sessions tens un cos 10<\/p>\n","protected":false},"excerpt":{"rendered":"<p>Pack de 6 sessions m\u00e9s producte. . Nou tractament corporal molt efectiu que redueix, reafirma i remodela el nostre cos. Amb els seus algues i olis essencials aconsegueix combatre la cel\u00b7lulitis i el greix. Els seus resultats s\u00f3n visibles des de la primera sessi\u00f3, millorant el to, la textura de la pell i activant la [&hellip;]<\/p>\n","protected":false},"featured_media":434,"comment_status":"closed","ping_status":"closed","template":"","meta":{"site-sidebar-layout":"default","site-content-layout":"default","ast-site-content-layout":"default","site-content-style":"default","site-sidebar-style":"default","ast-global-header-display":"","ast-banner-title-visibility":"","ast-main-header-display":"","ast-hfb-above-header-display":"","ast-hfb-below-header-display":"","ast-hfb-mobile-header-display":"","site-post-title":"","ast-breadcrumbs-content":"","ast-featured-img":"","footer-sml-layout":"","ast-disable-related-posts":"","theme-transparent-header-meta":"default","adv-header-id-meta":"","stick-header-meta":"","header-above-stick-meta":"","header-main-stick-meta":"","header-below-stick-meta":"","astra-migrate-meta-layouts":"default","ast-page-background-enabled":"default","ast-page-background-meta":{"desktop":{"background-color":"","background-image":"","background-repeat":"repeat","background-position":"center center","background-size":"auto","background-attachment":"scroll","background-type":"","background-media":"","overlay-type":"","overlay-color":"","overlay-opacity":"","overlay-gradient":""},"tablet":{"background-color":"","background-image":"","background-repeat":"repeat","background-position":"center center","background-size":"auto","background-attachment":"scroll","background-type":"","background-media":"","overlay-type":"","overlay-color":"","overlay-opacity":"","overlay-gradient":""},"mobile":{"background-color":"","background-image":"","background-repeat":"repeat","background-position":"center center","background-size":"auto","background-attachment":"scroll","background-type":"","background-media":"","overlay-type":"","overlay-color":"","overlay-opacity":"","overlay-gradient":""}},"ast-content-background-meta":{"desktop":{"background-color":"var(--ast-global-color-5)","background-image":"","background-repeat":"repeat","background-position":"center center","background-size":"auto","background-attachment":"scroll","background-type":"","background-media":"","overlay-type":"","overlay-color":"","overlay-opacity":"","overlay-gradient":""},"tablet":{"background-color":"var(--ast-global-color-5)","background-image":"","background-repeat":"repeat","background-position":"center center","background-size":"auto","background-attachment":"scroll","background-type":"","background-media":"","overlay-type":"","overlay-color":"","overlay-opacity":"","overlay-gradient":""},"mobile":{"background-color":"var(--ast-global-color-5)","background-image":"","background-repeat":"repeat","background-position":"center center","background-size":"auto","background-attachment":"scroll","background-type":"","background-media":"","overlay-type":"","overlay-color":"","overlay-opacity":"","overlay-gradient":""}}},"product_brand":[],"product_cat":[84],"product_tag":[],"class_list":{"0":"post-938","1":"product","2":"type-product","3":"status-publish","4":"has-post-thumbnail","6":"product_cat-tractaments-corporals","7":"desktop-align-left","8":"tablet-align-left","9":"mobile-align-left","11":"first","12":"instock","13":"shipping-taxable","14":"purchasable","15":"product-type-simple"},"_links":{"self":[{"href":"https:\/\/biobody.es\/ca\/wp-json\/wp\/v2\/product\/938","targetHints":{"allow":["GET"]}}],"collection":[{"href":"https:\/\/biobody.es\/ca\/wp-json\/wp\/v2\/product"}],"about":[{"href":"https:\/\/biobody.es\/ca\/wp-json\/wp\/v2\/types\/product"}],"replies":[{"embeddable":true,"href":"https:\/\/biobody.es\/ca\/wp-json\/wp\/v2\/comments?post=938"}],"wp:featuredmedia":[{"embeddable":true,"href":"https:\/\/biobody.es\/ca\/wp-json\/wp\/v2\/media\/434"}],"wp:attachment":[{"href":"https:\/\/biobody.es\/ca\/wp-json\/wp\/v2\/media?parent=938"}],"wp:term":[{"taxonomy":"product_brand","embeddable":true,"href":"https:\/\/biobody.es\/ca\/wp-json\/wp\/v2\/product_brand?post=938"},{"taxonomy":"product_cat","embeddable":true,"href":"https:\/\/biobody.es\/ca\/wp-json\/wp\/v2\/product_cat?post=938"},{"taxonomy":"product_tag","embeddable":true,"href":"https:\/\/biobody.es\/ca\/wp-json\/wp\/v2\/product_tag?post=938"}],"curies":[{"name":"wp","href":"https:\/\/api.w.org\/{rel}","templated":true}]}}